{"id":853,"date":"2023-12-20T20:55:11","date_gmt":"2023-12-20T19:55:11","guid":{"rendered":"https:\/\/ujragosser.hu\/?page_id=853"},"modified":"2024-08-05T15:04:12","modified_gmt":"2024-08-05T13:04:12","slug":"fizetes-szep-kartyaval","status":"publish","type":"page","link":"https:\/\/ujragosser.hu\/hu_hu\/?page_id=853","title":{"rendered":"Fizet\u00e9s SZ\u00c9P-k\u00e1rty\u00e1val"},"content":{"rendered":"<p>[et_pb_section fb_built=&#8221;1&#8243; _builder_version=&#8221;4.21.2&#8243; _module_preset=&#8221;default&#8221; global_colors_info=&#8221;{}&#8221;][et_pb_row _builder_version=&#8221;4.21.2&#8243; _module_preset=&#8221;default&#8221; global_colors_info=&#8221;{}&#8221;][et_pb_column type=&#8221;4_4&#8243; _builder_version=&#8221;4.21.2&#8243; _module_preset=&#8221;default&#8221; global_colors_info=&#8221;{}&#8221;][et_pb_text _builder_version=&#8221;4.21.2&#8243; _module_preset=&#8221;default&#8221; text_font_size=&#8221;23px&#8221; text_line_height=&#8221;1.8em&#8221; global_colors_info=&#8221;{}&#8221;]<\/p>\n<p style=\"text-align: justify;\">\n<p style=\"text-align: justify;\"><span>Term\u00e9szetesen mindegyik (MBH Bank-, MKB Bank-, OTP Bank-, illetve KH Bank\u00e1ltal kibocs\u00e1jtott) SZ\u00c9P-k\u00e1rty\u00e1t elfogadjuk, ak\u00e1r el\u0151refizet\u00e9ssel, ak\u00e1r itt, a helysz\u00ednen.<\/span><\/p>\n<p>[\/et_pb_text][et_pb_image src=&#8221;https:\/\/ujragosser.hu\/wp-content\/uploads\/2023\/12\/SZEP-EK2.png&#8221; _builder_version=&#8221;4.21.2&#8243; _module_preset=&#8221;default&#8221; title_text=&#8221;SZ\u00c9P-EK2&#8243; hover_enabled=&#8221;0&#8243; sticky_enabled=&#8221;0&#8243; width=&#8221;78%&#8221; custom_padding=&#8221;|0px||264px||&#8221; scroll_rotating_enable=&#8221;on&#8221;][\/et_pb_image][\/et_pb_column][\/et_pb_row][\/et_pb_section]<\/p>\n","protected":false},"excerpt":{"rendered":"<p>Term\u00e9szetesen mindegyik (MBH Bank-, MKB Bank-, OTP Bank-, illetve KH Bank\u00e1ltal kibocs\u00e1jtott) SZ\u00c9P-k\u00e1rty\u00e1t elfogadjuk, ak\u00e1r el\u0151refizet\u00e9ssel, ak\u00e1r itt, a helysz\u00ednen.<\/p>\n","protected":false},"author":1,"featured_media":0,"parent":0,"menu_order":0,"comment_status":"closed","ping_status":"closed","template":"","meta":{"_et_pb_use_builder":"on","_et_pb_old_content":"","_et_gb_content_width":""},"_links":{"self":[{"href":"https:\/\/ujragosser.hu\/hu_hu\/index.php?rest_route=\/wp\/v2\/pages\/853"}],"collection":[{"href":"https:\/\/ujragosser.hu\/hu_hu\/index.php?rest_route=\/wp\/v2\/pages"}],"about":[{"href":"https:\/\/ujragosser.hu\/hu_hu\/index.php?rest_route=\/wp\/v2\/types\/page"}],"author":[{"embeddable":true,"href":"https:\/\/ujragosser.hu\/hu_hu\/index.php?rest_route=\/wp\/v2\/users\/1"}],"replies":[{"embeddable":true,"href":"https:\/\/ujragosser.hu\/hu_hu\/index.php?rest_route=%2Fwp%2Fv2%2Fcomments&post=853"}],"version-history":[{"count":5,"href":"https:\/\/ujragosser.hu\/hu_hu\/index.php?rest_route=\/wp\/v2\/pages\/853\/revisions"}],"predecessor-version":[{"id":1012,"href":"https:\/\/ujragosser.hu\/hu_hu\/index.php?rest_route=\/wp\/v2\/pages\/853\/revisions\/1012"}],"wp:attachment":[{"href":"https:\/\/ujragosser.hu\/hu_hu\/index.php?rest_route=%2Fwp%2Fv2%2Fmedia&parent=853"}],"curies":[{"name":"wp","href":"https:\/\/api.w.org\/{rel}","templated":true}]}}